{"id":4706,"date":"2020-09-10T10:46:10","date_gmt":"2020-09-10T08:46:10","guid":{"rendered":"https:\/\/inside-vision.inside-maquette.be\/?page_id=4706"},"modified":"2020-09-10T15:19:48","modified_gmt":"2020-09-10T13:19:48","slug":"controle-dacces","status":"publish","type":"page","link":"https:\/\/inside-vision.inside-maquette.be\/?page_id=4706","title":{"rendered":"Contr\u00f4le d&rsquo;acc\u00e8s"},"content":{"rendered":"\t\t<div data-elementor-type=\"wp-page\" data-elementor-id=\"4706\" class=\"elementor elementor-4706\" data-elementor-settings=\"[]\">\n\t\t\t\t\t\t<div class=\"elementor-inner\">\n\t\t\t\t\t\t\t<div class=\"elementor-section-wrap\">\n\t\t\t\t\t\t\t<section class=\"elementor-section elementor-top-section elementor-element elementor-element-66ca0dfc elementor-section-content-middle elementor-section-boxed elementor-section-height-default elementor-section-height-default\" data-id=\"66ca0dfc\" data-element_type=\"section\">\n\t\t\t\t\t\t<div class=\"elementor-container elementor-column-gap-extended\">\n\t\t\t\t\t\t\t<div class=\"elementor-row\">\n\t\t\t\t\t<div class=\"elementor-column elementor-col-50 elementor-top-column elementor-element elementor-element-48005219 ot-flex-column-vertical\" data-id=\"48005219\" data-element_type=\"column\">\n\t\t\t<div class=\"elementor-column-wrap elementor-element-populated\">\n\t\t\t\t\t\t\t<div class=\"elementor-widget-wrap\">\n\t\t\t\t\t\t<div class=\"elementor-element elementor-element-3a42a08a elementor-widget elementor-widget-image\" data-id=\"3a42a08a\" data-element_type=\"widget\" data-widget_type=\"image.default\">\n\t\t\t\t<div class=\"elementor-widget-container\">\n\t\t\t\t\t<div class=\"elementor-image\">\n\t\t\t\t\t\t\t\t\t\t<img loading=\"lazy\" decoding=\"async\" width=\"623\" height=\"570\" src=\"https:\/\/inside-vision.inside-maquette.be\/wp-content\/uploads\/2020\/09\/ads_secur_round_accesscontrol.png\" class=\"attachment-full size-full\" alt=\"\" srcset=\"https:\/\/inside-vision.inside-maquette.be\/wp-content\/uploads\/2020\/09\/ads_secur_round_accesscontrol.png 623w, https:\/\/inside-vision.inside-maquette.be\/wp-content\/uploads\/2020\/09\/ads_secur_round_accesscontrol-300x274.png 300w\" sizes=\"auto, (max-width: 623px) 100vw, 623px\" \/>\t\t\t\t\t\t\t\t\t\t\t<\/div>\n\t\t\t\t<\/div>\n\t\t\t\t<\/div>\n\t\t\t\t\t\t<\/div>\n\t\t\t\t\t<\/div>\n\t\t<\/div>\n\t\t\t\t<div class=\"elementor-column elementor-col-50 elementor-top-column elementor-element elementor-element-75f4c223 ot-flex-column-vertical\" data-id=\"75f4c223\" data-element_type=\"column\">\n\t\t\t<div class=\"elementor-column-wrap elementor-element-populated\">\n\t\t\t\t\t\t\t<div class=\"elementor-widget-wrap\">\n\t\t\t\t\t\t<div class=\"elementor-element elementor-element-557e7702 elementor-widget elementor-widget-iheading\" data-id=\"557e7702\" data-element_type=\"widget\" data-widget_type=\"iheading.default\">\n\t\t\t\t<div class=\"elementor-widget-container\">\n\t\t\t\t\t<div class=\"ot-heading is-dots\">\r\n\t        \t            <span>[ Contr\u00f4le d'acc\u00e8s ]<\/span>\r\n\t        \t        <h2 class=\"main-heading\">la solution qui limite les intrusions<\/h2>\r\n\t        \t    <\/div>\r\n\t    \t\t<\/div>\n\t\t\t\t<\/div>\n\t\t\t\t<div class=\"elementor-element elementor-element-61935d2f elementor-widget elementor-widget-text-editor\" data-id=\"61935d2f\" data-element_type=\"widget\" data-widget_type=\"text-editor.default\">\n\t\t\t\t<div class=\"elementor-widget-container\">\n\t\t\t\t\t<div class=\"elementor-text-editor elementor-clearfix\"><p><strong>Vous souhaitez contr\u00f4ler l\u2019acc\u00e8s des personnes \u00e0 vos b\u00e2timents et propri\u00e9t\u00e9s\u00a0?<\/strong><\/p><p>Lecteurs de proximit\u00e9, claviers \u00e0 code, badges et syst\u00e8mes biom\u00e9triques\u00a0: les solutions de contr\u00f4les d\u2019acc\u00e8s sont nombreuses. Demandez-nous conseil, nous mettrons notre expertise \u00e0 votre service et vous proposerons la solution la plus adapt\u00e9e \u00e0 votre situation.<\/p><\/div>\n\t\t\t\t<\/div>\n\t\t\t\t<\/div>\n\t\t\t\t<div class=\"elementor-element elementor-element-543d5c45 elementor-widget elementor-widget-ibutton\" data-id=\"543d5c45\" data-element_type=\"widget\" data-widget_type=\"ibutton.default\">\n\t\t\t\t<div class=\"elementor-widget-container\">\n\t\t\t\t\t<div class=\"ot-button\">\r\n\t\t\t<a href=\"\/contact\" class=\"octf-btn octf-btn-dark\">Contactez-nous<\/a>\r\n\t    <\/div>\r\n\t    \t\t<\/div>\n\t\t\t\t<\/div>\n\t\t\t\t\t\t<\/div>\n\t\t\t\t\t<\/div>\n\t\t<\/div>\n\t\t\t\t\t\t\t\t<\/div>\n\t\t\t\t\t<\/div>\n\t\t<\/section>\n\t\t\t\t\t\t<\/div>\n\t\t\t\t\t\t<\/div>\n\t\t\t\t\t<\/div>\n\t\t","protected":false},"excerpt":{"rendered":"<p>[ Contr\u00f4le d&rsquo;acc\u00e8s ] la solution qui limite les intrusions Vous souhaitez contr\u00f4ler l\u2019acc\u00e8s des personnes \u00e0 vos b\u00e2timents et propri\u00e9t\u00e9s\u00a0? Lecteurs de proximit\u00e9, claviers \u00e0 code, badges et syst\u00e8mes biom\u00e9triques\u00a0: les solutions de contr\u00f4les d\u2019acc\u00e8s sont nombreuses. Demandez-nous conseil, nous mettrons notre expertise \u00e0 votre service et vous proposerons la solution la plus adapt\u00e9e [&hellip;]<\/p>\n","protected":false},"author":1,"featured_media":0,"parent":0,"menu_order":0,"comment_status":"closed","ping_status":"closed","template":"","meta":{"footnotes":""},"class_list":["post-4706","page","type-page","status-publish","hentry"],"yoast_head":"<!-- This site is optimized with the Yoast SEO plugin v15.8 - https:\/\/yoast.com\/wordpress\/plugins\/seo\/ -->\n<title>Contr\u00f4le d&#039;acc\u00e8s | ADS S\u00e9curit\u00e9<\/title>\n<meta name=\"robots\" content=\"noindex, follow, max-snippet:-1, max-image-preview:large, max-video-preview:-1\" \/>\n<meta property=\"og:locale\" content=\"fr_FR\" \/>\n<meta property=\"og:type\" content=\"article\" \/>\n<meta property=\"og:title\" content=\"Contr\u00f4le d&#039;acc\u00e8s | ADS S\u00e9curit\u00e9\" \/>\n<meta property=\"og:description\" content=\"[ Contr\u00f4le d&rsquo;acc\u00e8s ] la solution qui limite les intrusions Vous souhaitez contr\u00f4ler l\u2019acc\u00e8s des personnes \u00e0 vos b\u00e2timents et propri\u00e9t\u00e9s\u00a0? Lecteurs de proximit\u00e9, claviers \u00e0 code, badges et syst\u00e8mes biom\u00e9triques\u00a0: les solutions de contr\u00f4les d\u2019acc\u00e8s sont nombreuses. Demandez-nous conseil, nous mettrons notre expertise \u00e0 votre service et vous proposerons la solution la plus adapt\u00e9e [&hellip;]\" \/>\n<meta property=\"og:url\" content=\"https:\/\/inside-vision.inside-maquette.be\/controle-dacces\/\" \/>\n<meta property=\"og:site_name\" content=\"ADS S\u00e9curit\u00e9\" \/>\n<meta property=\"article:modified_time\" content=\"2020-09-10T13:19:48+00:00\" \/>\n<meta property=\"og:image\" content=\"https:\/\/inside-vision.inside-maquette.be\/wp-content\/uploads\/2020\/09\/ads_secur_round_accesscontrol.png\" \/>\n<meta name=\"twitter:card\" content=\"summary_large_image\" \/>\n<script type=\"application\/ld+json\" class=\"yoast-schema-graph\">{\"@context\":\"https:\/\/schema.org\",\"@graph\":[{\"@type\":\"Organization\",\"@id\":\"https:\/\/inside-vision.inside-maquette.be\/#organization\",\"name\":\"ADS S\\u00e9curit\\u00e9\",\"url\":\"https:\/\/inside-vision.inside-maquette.be\/\",\"sameAs\":[],\"logo\":{\"@type\":\"ImageObject\",\"@id\":\"https:\/\/inside-vision.inside-maquette.be\/#logo\",\"inLanguage\":\"fr-FR\",\"url\":\"https:\/\/inside-vision.inside-maquette.be\/wp-content\/uploads\/2020\/06\/ADSsecurite-logo_temp-BLACK.png\",\"width\":1698,\"height\":1057,\"caption\":\"ADS S\\u00e9curit\\u00e9\"},\"image\":{\"@id\":\"https:\/\/inside-vision.inside-maquette.be\/#logo\"}},{\"@type\":\"WebSite\",\"@id\":\"https:\/\/inside-vision.inside-maquette.be\/#website\",\"url\":\"https:\/\/inside-vision.inside-maquette.be\/\",\"name\":\"ADS S\\u00e9curit\\u00e9\",\"description\":\"Protection \\u00e9lectronique et m\\u00e9canique\",\"publisher\":{\"@id\":\"https:\/\/inside-vision.inside-maquette.be\/#organization\"},\"potentialAction\":[{\"@type\":\"SearchAction\",\"target\":\"https:\/\/inside-vision.inside-maquette.be\/?s={search_term_string}\",\"query-input\":\"required name=search_term_string\"}],\"inLanguage\":\"fr-FR\"},{\"@type\":\"ImageObject\",\"@id\":\"https:\/\/inside-vision.inside-maquette.be\/controle-dacces\/#primaryimage\",\"inLanguage\":\"fr-FR\",\"url\":\"https:\/\/inside-vision.inside-maquette.be\/wp-content\/uploads\/2020\/09\/ads_secur_round_accesscontrol.png\",\"width\":623,\"height\":570},{\"@type\":\"WebPage\",\"@id\":\"https:\/\/inside-vision.inside-maquette.be\/controle-dacces\/#webpage\",\"url\":\"https:\/\/inside-vision.inside-maquette.be\/controle-dacces\/\",\"name\":\"Contr\\u00f4le d'acc\\u00e8s | ADS S\\u00e9curit\\u00e9\",\"isPartOf\":{\"@id\":\"https:\/\/inside-vision.inside-maquette.be\/#website\"},\"primaryImageOfPage\":{\"@id\":\"https:\/\/inside-vision.inside-maquette.be\/controle-dacces\/#primaryimage\"},\"datePublished\":\"2020-09-10T08:46:10+00:00\",\"dateModified\":\"2020-09-10T13:19:48+00:00\",\"breadcrumb\":{\"@id\":\"https:\/\/inside-vision.inside-maquette.be\/controle-dacces\/#breadcrumb\"},\"inLanguage\":\"fr-FR\",\"potentialAction\":[{\"@type\":\"ReadAction\",\"target\":[\"https:\/\/inside-vision.inside-maquette.be\/controle-dacces\/\"]}]},{\"@type\":\"BreadcrumbList\",\"@id\":\"https:\/\/inside-vision.inside-maquette.be\/controle-dacces\/#breadcrumb\",\"itemListElement\":[{\"@type\":\"ListItem\",\"position\":1,\"item\":{\"@type\":\"WebPage\",\"@id\":\"https:\/\/inside-vision.inside-maquette.be\/\",\"url\":\"https:\/\/inside-vision.inside-maquette.be\/\",\"name\":\"Accueil\"}},{\"@type\":\"ListItem\",\"position\":2,\"item\":{\"@type\":\"WebPage\",\"@id\":\"https:\/\/inside-vision.inside-maquette.be\/controle-dacces\/\",\"url\":\"https:\/\/inside-vision.inside-maquette.be\/controle-dacces\/\",\"name\":\"Contr\\u00f4le d&rsquo;acc\\u00e8s\"}}]}]}<\/script>\n<!-- \/ Yoast SEO plugin. -->","_links":{"self":[{"href":"https:\/\/inside-vision.inside-maquette.be\/index.php?rest_route=\/wp\/v2\/pages\/4706","targetHints":{"allow":["GET"]}}],"collection":[{"href":"https:\/\/inside-vision.inside-maquette.be\/index.php?rest_route=\/wp\/v2\/pages"}],"about":[{"href":"https:\/\/inside-vision.inside-maquette.be\/index.php?rest_route=\/wp\/v2\/types\/page"}],"author":[{"embeddable":true,"href":"https:\/\/inside-vision.inside-maquette.be\/index.php?rest_route=\/wp\/v2\/users\/1"}],"replies":[{"embeddable":true,"href":"https:\/\/inside-vision.inside-maquette.be\/index.php?rest_route=%2Fwp%2Fv2%2Fcomments&post=4706"}],"version-history":[{"count":6,"href":"https:\/\/inside-vision.inside-maquette.be\/index.php?rest_route=\/wp\/v2\/pages\/4706\/revisions"}],"predecessor-version":[{"id":4818,"href":"https:\/\/inside-vision.inside-maquette.be\/index.php?rest_route=\/wp\/v2\/pages\/4706\/revisions\/4818"}],"wp:attachment":[{"href":"https:\/\/inside-vision.inside-maquette.be\/index.php?rest_route=%2Fwp%2Fv2%2Fmedia&parent=4706"}],"curies":[{"name":"wp","href":"https:\/\/api.w.org\/{rel}","templated":true}]}}