{"id":4725,"date":"2020-09-10T11:42:33","date_gmt":"2020-09-10T09:42:33","guid":{"rendered":"https:\/\/inside-vision.inside-maquette.be\/?page_id=4725"},"modified":"2020-11-13T16:21:16","modified_gmt":"2020-11-13T15:21:16","slug":"detection-exterieure","status":"publish","type":"page","link":"https:\/\/inside-vision.inside-maquette.be\/?page_id=4725","title":{"rendered":"D\u00e9tection ext\u00e9rieure"},"content":{"rendered":"\t\t<div data-elementor-type=\"wp-page\" data-elementor-id=\"4725\" class=\"elementor elementor-4725\" data-elementor-settings=\"[]\">\n\t\t\t\t\t\t<div class=\"elementor-inner\">\n\t\t\t\t\t\t\t<div class=\"elementor-section-wrap\">\n\t\t\t\t\t\t\t<section class=\"elementor-section elementor-top-section elementor-element elementor-element-4fa99595 elementor-section-content-middle elementor-section-boxed elementor-section-height-default elementor-section-height-default\" data-id=\"4fa99595\" data-element_type=\"section\">\n\t\t\t\t\t\t<div class=\"elementor-container elementor-column-gap-extended\">\n\t\t\t\t\t\t\t<div class=\"elementor-row\">\n\t\t\t\t\t<div class=\"elementor-column elementor-col-50 elementor-top-column elementor-element elementor-element-ff0542c ot-flex-column-vertical\" data-id=\"ff0542c\" data-element_type=\"column\">\n\t\t\t<div class=\"elementor-column-wrap elementor-element-populated\">\n\t\t\t\t\t\t\t<div class=\"elementor-widget-wrap\">\n\t\t\t\t\t\t<div class=\"elementor-element elementor-element-3ce98833 elementor-widget elementor-widget-image\" data-id=\"3ce98833\" data-element_type=\"widget\" data-widget_type=\"image.default\">\n\t\t\t\t<div class=\"elementor-widget-container\">\n\t\t\t\t\t<div class=\"elementor-image\">\n\t\t\t\t\t\t\t\t\t\t<img loading=\"lazy\" decoding=\"async\" width=\"623\" height=\"570\" src=\"https:\/\/inside-vision.inside-maquette.be\/wp-content\/uploads\/2020\/09\/ads_secur_round_detect_ext.png\" class=\"attachment-full size-full\" alt=\"\" srcset=\"https:\/\/inside-vision.inside-maquette.be\/wp-content\/uploads\/2020\/09\/ads_secur_round_detect_ext.png 623w, https:\/\/inside-vision.inside-maquette.be\/wp-content\/uploads\/2020\/09\/ads_secur_round_detect_ext-300x274.png 300w\" sizes=\"auto, (max-width: 623px) 100vw, 623px\" \/>\t\t\t\t\t\t\t\t\t\t\t<\/div>\n\t\t\t\t<\/div>\n\t\t\t\t<\/div>\n\t\t\t\t\t\t<\/div>\n\t\t\t\t\t<\/div>\n\t\t<\/div>\n\t\t\t\t<div class=\"elementor-column elementor-col-50 elementor-top-column elementor-element elementor-element-25db152f ot-flex-column-vertical\" data-id=\"25db152f\" data-element_type=\"column\">\n\t\t\t<div class=\"elementor-column-wrap elementor-element-populated\">\n\t\t\t\t\t\t\t<div class=\"elementor-widget-wrap\">\n\t\t\t\t\t\t<div class=\"elementor-element elementor-element-49421f29 elementor-widget elementor-widget-iheading\" data-id=\"49421f29\" data-element_type=\"widget\" data-widget_type=\"iheading.default\">\n\t\t\t\t<div class=\"elementor-widget-container\">\n\t\t\t\t\t<div class=\"ot-heading is-dots\">\r\n\t        \t            <span>[ D\u00e9tection ext\u00e9rieure ]<\/span>\r\n\t        \t        <h2 class=\"main-heading\">Des syst\u00e8mes de d\u00e9tection ext\u00e9rieure<\/h2>\r\n\t        \t    <\/div>\r\n\t    \t\t<\/div>\n\t\t\t\t<\/div>\n\t\t\t\t<div class=\"elementor-element elementor-element-4d603967 elementor-widget elementor-widget-text-editor\" data-id=\"4d603967\" data-element_type=\"widget\" data-widget_type=\"text-editor.default\">\n\t\t\t\t<div class=\"elementor-widget-container\">\n\t\t\t\t\t<div class=\"elementor-text-editor elementor-clearfix\"><p><strong>Prot\u00e9gez les alentours de votre domicile, entreprise ou propri\u00e9t\u00e9 avec des d\u00e9tecteurs.<\/strong><\/p><p>Selon vos besoins, \u00e9quipez vos propri\u00e9t\u00e9s de syst\u00e8mes de s\u00e9curit\u00e9 haut de gamme qui d\u00e9tectent les intrusions, effractions, mouvements ou agressions. Les divers dispositifs, sans fil ou c\u00e2bl\u00e9s, compl\u00e8teront avec efficacit\u00e9 votre alarme, votre contr\u00f4le d\u2019acc\u00e8s et\/ou votre vid\u00e9o-surveillance.<\/p><p><em>Notre force\u00a0? Combiner les syst\u00e8mes de s\u00e9curit\u00e9 qui conviennent \u00e0 votre situation pour une protection optimale.<\/em><\/p><\/div>\n\t\t\t\t<\/div>\n\t\t\t\t<\/div>\n\t\t\t\t<div class=\"elementor-element elementor-element-43542f26 elementor-widget elementor-widget-ibutton\" data-id=\"43542f26\" data-element_type=\"widget\" data-widget_type=\"ibutton.default\">\n\t\t\t\t<div class=\"elementor-widget-container\">\n\t\t\t\t\t<div class=\"ot-button\">\r\n\t\t\t<a href=\"\/coffre-fort\" class=\"octf-btn octf-btn-dark\">Coffre-fort<\/a>\r\n\t    <\/div>\r\n\t    \t\t<\/div>\n\t\t\t\t<\/div>\n\t\t\t\t\t\t<\/div>\n\t\t\t\t\t<\/div>\n\t\t<\/div>\n\t\t\t\t\t\t\t\t<\/div>\n\t\t\t\t\t<\/div>\n\t\t<\/section>\n\t\t\t\t\t\t<\/div>\n\t\t\t\t\t\t<\/div>\n\t\t\t\t\t<\/div>\n\t\t","protected":false},"excerpt":{"rendered":"<p>[ D\u00e9tection ext\u00e9rieure ] Des syst\u00e8mes de d\u00e9tection ext\u00e9rieure Prot\u00e9gez les alentours de votre domicile, entreprise ou propri\u00e9t\u00e9 avec des d\u00e9tecteurs. Selon vos besoins, \u00e9quipez vos propri\u00e9t\u00e9s de syst\u00e8mes de s\u00e9curit\u00e9 haut de gamme qui d\u00e9tectent les intrusions, effractions, mouvements ou agressions. Les divers dispositifs, sans fil ou c\u00e2bl\u00e9s, compl\u00e8teront avec efficacit\u00e9 votre alarme, votre [&hellip;]<\/p>\n","protected":false},"author":1,"featured_media":0,"parent":0,"menu_order":0,"comment_status":"closed","ping_status":"closed","template":"","meta":{"footnotes":""},"class_list":["post-4725","page","type-page","status-publish","hentry"],"yoast_head":"<!-- This site is optimized with the Yoast SEO plugin v15.8 - https:\/\/yoast.com\/wordpress\/plugins\/seo\/ -->\n<title>D\u00e9tection ext\u00e9rieure | ADS S\u00e9curit\u00e9<\/title>\n<meta name=\"robots\" content=\"noindex, follow, max-snippet:-1, max-image-preview:large, max-video-preview:-1\" \/>\n<meta property=\"og:locale\" content=\"fr_FR\" \/>\n<meta property=\"og:type\" content=\"article\" \/>\n<meta property=\"og:title\" content=\"D\u00e9tection ext\u00e9rieure | ADS S\u00e9curit\u00e9\" \/>\n<meta property=\"og:description\" content=\"[ D\u00e9tection ext\u00e9rieure ] Des syst\u00e8mes de d\u00e9tection ext\u00e9rieure Prot\u00e9gez les alentours de votre domicile, entreprise ou propri\u00e9t\u00e9 avec des d\u00e9tecteurs. Selon vos besoins, \u00e9quipez vos propri\u00e9t\u00e9s de syst\u00e8mes de s\u00e9curit\u00e9 haut de gamme qui d\u00e9tectent les intrusions, effractions, mouvements ou agressions. Les divers dispositifs, sans fil ou c\u00e2bl\u00e9s, compl\u00e8teront avec efficacit\u00e9 votre alarme, votre [&hellip;]\" \/>\n<meta property=\"og:url\" content=\"https:\/\/inside-vision.inside-maquette.be\/detection-exterieure\/\" \/>\n<meta property=\"og:site_name\" content=\"ADS S\u00e9curit\u00e9\" \/>\n<meta property=\"article:modified_time\" content=\"2020-11-13T15:21:16+00:00\" \/>\n<meta property=\"og:image\" content=\"https:\/\/inside-vision.inside-maquette.be\/wp-content\/uploads\/2020\/09\/ads_secur_round_detect_ext.png\" \/>\n<meta name=\"twitter:card\" content=\"summary_large_image\" \/>\n<script type=\"application\/ld+json\" class=\"yoast-schema-graph\">{\"@context\":\"https:\/\/schema.org\",\"@graph\":[{\"@type\":\"Organization\",\"@id\":\"https:\/\/inside-vision.inside-maquette.be\/#organization\",\"name\":\"ADS S\\u00e9curit\\u00e9\",\"url\":\"https:\/\/inside-vision.inside-maquette.be\/\",\"sameAs\":[],\"logo\":{\"@type\":\"ImageObject\",\"@id\":\"https:\/\/inside-vision.inside-maquette.be\/#logo\",\"inLanguage\":\"fr-FR\",\"url\":\"https:\/\/inside-vision.inside-maquette.be\/wp-content\/uploads\/2020\/06\/ADSsecurite-logo_temp-BLACK.png\",\"width\":1698,\"height\":1057,\"caption\":\"ADS S\\u00e9curit\\u00e9\"},\"image\":{\"@id\":\"https:\/\/inside-vision.inside-maquette.be\/#logo\"}},{\"@type\":\"WebSite\",\"@id\":\"https:\/\/inside-vision.inside-maquette.be\/#website\",\"url\":\"https:\/\/inside-vision.inside-maquette.be\/\",\"name\":\"ADS S\\u00e9curit\\u00e9\",\"description\":\"Protection \\u00e9lectronique et m\\u00e9canique\",\"publisher\":{\"@id\":\"https:\/\/inside-vision.inside-maquette.be\/#organization\"},\"potentialAction\":[{\"@type\":\"SearchAction\",\"target\":\"https:\/\/inside-vision.inside-maquette.be\/?s={search_term_string}\",\"query-input\":\"required name=search_term_string\"}],\"inLanguage\":\"fr-FR\"},{\"@type\":\"ImageObject\",\"@id\":\"https:\/\/inside-vision.inside-maquette.be\/detection-exterieure\/#primaryimage\",\"inLanguage\":\"fr-FR\",\"url\":\"https:\/\/inside-vision.inside-maquette.be\/wp-content\/uploads\/2020\/09\/ads_secur_round_detect_ext.png\",\"width\":623,\"height\":570},{\"@type\":\"WebPage\",\"@id\":\"https:\/\/inside-vision.inside-maquette.be\/detection-exterieure\/#webpage\",\"url\":\"https:\/\/inside-vision.inside-maquette.be\/detection-exterieure\/\",\"name\":\"D\\u00e9tection ext\\u00e9rieure | ADS S\\u00e9curit\\u00e9\",\"isPartOf\":{\"@id\":\"https:\/\/inside-vision.inside-maquette.be\/#website\"},\"primaryImageOfPage\":{\"@id\":\"https:\/\/inside-vision.inside-maquette.be\/detection-exterieure\/#primaryimage\"},\"datePublished\":\"2020-09-10T09:42:33+00:00\",\"dateModified\":\"2020-11-13T15:21:16+00:00\",\"breadcrumb\":{\"@id\":\"https:\/\/inside-vision.inside-maquette.be\/detection-exterieure\/#breadcrumb\"},\"inLanguage\":\"fr-FR\",\"potentialAction\":[{\"@type\":\"ReadAction\",\"target\":[\"https:\/\/inside-vision.inside-maquette.be\/detection-exterieure\/\"]}]},{\"@type\":\"BreadcrumbList\",\"@id\":\"https:\/\/inside-vision.inside-maquette.be\/detection-exterieure\/#breadcrumb\",\"itemListElement\":[{\"@type\":\"ListItem\",\"position\":1,\"item\":{\"@type\":\"WebPage\",\"@id\":\"https:\/\/inside-vision.inside-maquette.be\/\",\"url\":\"https:\/\/inside-vision.inside-maquette.be\/\",\"name\":\"Accueil\"}},{\"@type\":\"ListItem\",\"position\":2,\"item\":{\"@type\":\"WebPage\",\"@id\":\"https:\/\/inside-vision.inside-maquette.be\/detection-exterieure\/\",\"url\":\"https:\/\/inside-vision.inside-maquette.be\/detection-exterieure\/\",\"name\":\"D\\u00e9tection ext\\u00e9rieure\"}}]}]}<\/script>\n<!-- \/ Yoast SEO plugin. -->","_links":{"self":[{"href":"https:\/\/inside-vision.inside-maquette.be\/index.php?rest_route=\/wp\/v2\/pages\/4725","targetHints":{"allow":["GET"]}}],"collection":[{"href":"https:\/\/inside-vision.inside-maquette.be\/index.php?rest_route=\/wp\/v2\/pages"}],"about":[{"href":"https:\/\/inside-vision.inside-maquette.be\/index.php?rest_route=\/wp\/v2\/types\/page"}],"author":[{"embeddable":true,"href":"https:\/\/inside-vision.inside-maquette.be\/index.php?rest_route=\/wp\/v2\/users\/1"}],"replies":[{"embeddable":true,"href":"https:\/\/inside-vision.inside-maquette.be\/index.php?rest_route=%2Fwp%2Fv2%2Fcomments&post=4725"}],"version-history":[{"count":6,"href":"https:\/\/inside-vision.inside-maquette.be\/index.php?rest_route=\/wp\/v2\/pages\/4725\/revisions"}],"predecessor-version":[{"id":4883,"href":"https:\/\/inside-vision.inside-maquette.be\/index.php?rest_route=\/wp\/v2\/pages\/4725\/revisions\/4883"}],"wp:attachment":[{"href":"https:\/\/inside-vision.inside-maquette.be\/index.php?rest_route=%2Fwp%2Fv2%2Fmedia&parent=4725"}],"curies":[{"name":"wp","href":"https:\/\/api.w.org\/{rel}","templated":true}]}}