{"id":4733,"date":"2020-09-10T12:03:08","date_gmt":"2020-09-10T10:03:08","guid":{"rendered":"https:\/\/inside-vision.inside-maquette.be\/?page_id=4733"},"modified":"2020-11-13T16:41:37","modified_gmt":"2020-11-13T15:41:37","slug":"coffre-fort","status":"publish","type":"page","link":"https:\/\/inside-vision.inside-maquette.be\/?page_id=4733","title":{"rendered":"Coffre-fort"},"content":{"rendered":"\t\t<div data-elementor-type=\"wp-page\" data-elementor-id=\"4733\" class=\"elementor elementor-4733\" data-elementor-settings=\"[]\">\n\t\t\t\t\t\t<div class=\"elementor-inner\">\n\t\t\t\t\t\t\t<div class=\"elementor-section-wrap\">\n\t\t\t\t\t\t\t<section class=\"elementor-section elementor-top-section elementor-element elementor-element-2be3198d elementor-section-content-middle elementor-section-boxed elementor-section-height-default elementor-section-height-default\" data-id=\"2be3198d\" data-element_type=\"section\">\n\t\t\t\t\t\t<div class=\"elementor-container elementor-column-gap-extended\">\n\t\t\t\t\t\t\t<div class=\"elementor-row\">\n\t\t\t\t\t<div class=\"elementor-column elementor-col-50 elementor-top-column elementor-element elementor-element-74834963 ot-flex-column-vertical\" data-id=\"74834963\" data-element_type=\"column\">\n\t\t\t<div class=\"elementor-column-wrap elementor-element-populated\">\n\t\t\t\t\t\t\t<div class=\"elementor-widget-wrap\">\n\t\t\t\t\t\t<div class=\"elementor-element elementor-element-768bc600 elementor-widget elementor-widget-image\" data-id=\"768bc600\" data-element_type=\"widget\" data-widget_type=\"image.default\">\n\t\t\t\t<div class=\"elementor-widget-container\">\n\t\t\t\t\t<div class=\"elementor-image\">\n\t\t\t\t\t\t\t\t\t\t<img loading=\"lazy\" decoding=\"async\" width=\"623\" height=\"570\" src=\"https:\/\/inside-vision.inside-maquette.be\/wp-content\/uploads\/2020\/09\/ads_secur_round_coffre_fort.png\" class=\"attachment-full size-full\" alt=\"\" srcset=\"https:\/\/inside-vision.inside-maquette.be\/wp-content\/uploads\/2020\/09\/ads_secur_round_coffre_fort.png 623w, https:\/\/inside-vision.inside-maquette.be\/wp-content\/uploads\/2020\/09\/ads_secur_round_coffre_fort-300x274.png 300w\" sizes=\"auto, (max-width: 623px) 100vw, 623px\" \/>\t\t\t\t\t\t\t\t\t\t\t<\/div>\n\t\t\t\t<\/div>\n\t\t\t\t<\/div>\n\t\t\t\t\t\t<\/div>\n\t\t\t\t\t<\/div>\n\t\t<\/div>\n\t\t\t\t<div class=\"elementor-column elementor-col-50 elementor-top-column elementor-element elementor-element-1e28d728 ot-flex-column-vertical\" data-id=\"1e28d728\" data-element_type=\"column\">\n\t\t\t<div class=\"elementor-column-wrap elementor-element-populated\">\n\t\t\t\t\t\t\t<div class=\"elementor-widget-wrap\">\n\t\t\t\t\t\t<div class=\"elementor-element elementor-element-6dcac669 elementor-widget elementor-widget-iheading\" data-id=\"6dcac669\" data-element_type=\"widget\" data-widget_type=\"iheading.default\">\n\t\t\t\t<div class=\"elementor-widget-container\">\n\t\t\t\t\t<div class=\"ot-heading is-dots\">\r\n\t        \t            <span>[ Coffre-fort ]<\/span>\r\n\t        \t        <h2 class=\"main-heading\">Un coffre-fort pour vos biens les plus pr\u00e9cieux<\/h2>\r\n\t        \t    <\/div>\r\n\t    \t\t<\/div>\n\t\t\t\t<\/div>\n\t\t\t\t<div class=\"elementor-element elementor-element-2b8038ba elementor-widget elementor-widget-text-editor\" data-id=\"2b8038ba\" data-element_type=\"widget\" data-widget_type=\"text-editor.default\">\n\t\t\t\t<div class=\"elementor-widget-container\">\n\t\t\t\t\t<div class=\"elementor-text-editor elementor-clearfix\"><p><strong>Pour mettre en s\u00e9curit\u00e9 vos documents, bijoux et autres objets de valeur, pensez au coffre-fort.<\/strong><\/p><p>Il existe plusieurs genres de coffres-fort\u00a0: anti-effraction, anti-feu<u>,<\/u> \u00e0 poser \u2026 ; box, <u>de diff\u00e9rente dimension<\/u>, avec serrure <u>\u00e0 clef<\/u> ou code. Un coffre-fort test\u00e9 sera choisi selon son degr\u00e9 de r\u00e9sistance \u00e0 l\u2019effraction et au feu, d\u00e9terminant pour l\u2019indication de la valeur assur\u00e9. Nous vous conseillons selon l\u2019usage que vous souhaitez en faire et nous le pla\u00e7ons dans les r\u00e8gles de l\u2019art.<\/p><p><em>Notre but\u00a0? Vous aider \u00e0 prot\u00e9ger tout ce \u00e0 quoi vous tenez (biens de valeur sentimentale, bijoux de famille, documents officiels\u2026).<\/em><\/p><\/div>\n\t\t\t\t<\/div>\n\t\t\t\t<\/div>\n\t\t\t\t<div class=\"elementor-element elementor-element-4a044463 elementor-widget elementor-widget-ibutton\" data-id=\"4a044463\" data-element_type=\"widget\" data-widget_type=\"ibutton.default\">\n\t\t\t\t<div class=\"elementor-widget-container\">\n\t\t\t\t\t<div class=\"ot-button\">\r\n\t\t\t<a href=\"\/video-surveillance\" class=\"octf-btn octf-btn-dark\">Vid\u00e9osurveillance<\/a>\r\n\t    <\/div>\r\n\t    \t\t<\/div>\n\t\t\t\t<\/div>\n\t\t\t\t\t\t<\/div>\n\t\t\t\t\t<\/div>\n\t\t<\/div>\n\t\t\t\t\t\t\t\t<\/div>\n\t\t\t\t\t<\/div>\n\t\t<\/section>\n\t\t\t\t\t\t<\/div>\n\t\t\t\t\t\t<\/div>\n\t\t\t\t\t<\/div>\n\t\t","protected":false},"excerpt":{"rendered":"<p>[ Coffre-fort ] Un coffre-fort pour vos biens les plus pr\u00e9cieux Pour mettre en s\u00e9curit\u00e9 vos documents, bijoux et autres objets de valeur, pensez au coffre-fort. Il existe plusieurs genres de coffres-fort&nbsp;: anti-effraction, anti-feu, \u00e0 poser \u2026 ; box, de diff\u00e9rente dimension, avec serrure \u00e0 clef ou code. Un coffre-fort test\u00e9 sera choisi selon son [&hellip;]<\/p>\n","protected":false},"author":1,"featured_media":0,"parent":0,"menu_order":0,"comment_status":"closed","ping_status":"closed","template":"","meta":{"footnotes":""},"class_list":["post-4733","page","type-page","status-publish","hentry"],"yoast_head":"<!-- This site is optimized with the Yoast SEO plugin v15.8 - https:\/\/yoast.com\/wordpress\/plugins\/seo\/ -->\n<title>Coffre-fort | ADS S\u00e9curit\u00e9<\/title>\n<meta name=\"robots\" content=\"noindex, follow, max-snippet:-1, max-image-preview:large, max-video-preview:-1\" \/>\n<meta property=\"og:locale\" content=\"fr_FR\" \/>\n<meta property=\"og:type\" content=\"article\" \/>\n<meta property=\"og:title\" content=\"Coffre-fort | ADS S\u00e9curit\u00e9\" \/>\n<meta property=\"og:description\" content=\"[ Coffre-fort ] Un coffre-fort pour vos biens les plus pr\u00e9cieux Pour mettre en s\u00e9curit\u00e9 vos documents, bijoux et autres objets de valeur, pensez au coffre-fort. Il existe plusieurs genres de coffres-fort&nbsp;: anti-effraction, anti-feu, \u00e0 poser \u2026 ; box, de diff\u00e9rente dimension, avec serrure \u00e0 clef ou code. Un coffre-fort test\u00e9 sera choisi selon son [&hellip;]\" \/>\n<meta property=\"og:url\" content=\"https:\/\/inside-vision.inside-maquette.be\/coffre-fort\/\" \/>\n<meta property=\"og:site_name\" content=\"ADS S\u00e9curit\u00e9\" \/>\n<meta property=\"article:modified_time\" content=\"2020-11-13T15:41:37+00:00\" \/>\n<meta property=\"og:image\" content=\"https:\/\/inside-vision.inside-maquette.be\/wp-content\/uploads\/2020\/09\/ads_secur_round_coffre_fort.png\" \/>\n<meta name=\"twitter:card\" content=\"summary_large_image\" \/>\n<meta name=\"twitter:label1\" content=\"Dur\u00e9e de lecture est.\">\n\t<meta name=\"twitter:data1\" content=\"1 minute\">\n<script type=\"application\/ld+json\" class=\"yoast-schema-graph\">{\"@context\":\"https:\/\/schema.org\",\"@graph\":[{\"@type\":\"Organization\",\"@id\":\"https:\/\/inside-vision.inside-maquette.be\/#organization\",\"name\":\"ADS S\\u00e9curit\\u00e9\",\"url\":\"https:\/\/inside-vision.inside-maquette.be\/\",\"sameAs\":[],\"logo\":{\"@type\":\"ImageObject\",\"@id\":\"https:\/\/inside-vision.inside-maquette.be\/#logo\",\"inLanguage\":\"fr-FR\",\"url\":\"https:\/\/inside-vision.inside-maquette.be\/wp-content\/uploads\/2020\/06\/ADSsecurite-logo_temp-BLACK.png\",\"width\":1698,\"height\":1057,\"caption\":\"ADS S\\u00e9curit\\u00e9\"},\"image\":{\"@id\":\"https:\/\/inside-vision.inside-maquette.be\/#logo\"}},{\"@type\":\"WebSite\",\"@id\":\"https:\/\/inside-vision.inside-maquette.be\/#website\",\"url\":\"https:\/\/inside-vision.inside-maquette.be\/\",\"name\":\"ADS S\\u00e9curit\\u00e9\",\"description\":\"Protection \\u00e9lectronique et m\\u00e9canique\",\"publisher\":{\"@id\":\"https:\/\/inside-vision.inside-maquette.be\/#organization\"},\"potentialAction\":[{\"@type\":\"SearchAction\",\"target\":\"https:\/\/inside-vision.inside-maquette.be\/?s={search_term_string}\",\"query-input\":\"required name=search_term_string\"}],\"inLanguage\":\"fr-FR\"},{\"@type\":\"ImageObject\",\"@id\":\"https:\/\/inside-vision.inside-maquette.be\/coffre-fort\/#primaryimage\",\"inLanguage\":\"fr-FR\",\"url\":\"https:\/\/inside-vision.inside-maquette.be\/wp-content\/uploads\/2020\/09\/ads_secur_round_coffre_fort.png\",\"width\":623,\"height\":570},{\"@type\":\"WebPage\",\"@id\":\"https:\/\/inside-vision.inside-maquette.be\/coffre-fort\/#webpage\",\"url\":\"https:\/\/inside-vision.inside-maquette.be\/coffre-fort\/\",\"name\":\"Coffre-fort | ADS S\\u00e9curit\\u00e9\",\"isPartOf\":{\"@id\":\"https:\/\/inside-vision.inside-maquette.be\/#website\"},\"primaryImageOfPage\":{\"@id\":\"https:\/\/inside-vision.inside-maquette.be\/coffre-fort\/#primaryimage\"},\"datePublished\":\"2020-09-10T10:03:08+00:00\",\"dateModified\":\"2020-11-13T15:41:37+00:00\",\"breadcrumb\":{\"@id\":\"https:\/\/inside-vision.inside-maquette.be\/coffre-fort\/#breadcrumb\"},\"inLanguage\":\"fr-FR\",\"potentialAction\":[{\"@type\":\"ReadAction\",\"target\":[\"https:\/\/inside-vision.inside-maquette.be\/coffre-fort\/\"]}]},{\"@type\":\"BreadcrumbList\",\"@id\":\"https:\/\/inside-vision.inside-maquette.be\/coffre-fort\/#breadcrumb\",\"itemListElement\":[{\"@type\":\"ListItem\",\"position\":1,\"item\":{\"@type\":\"WebPage\",\"@id\":\"https:\/\/inside-vision.inside-maquette.be\/\",\"url\":\"https:\/\/inside-vision.inside-maquette.be\/\",\"name\":\"Accueil\"}},{\"@type\":\"ListItem\",\"position\":2,\"item\":{\"@type\":\"WebPage\",\"@id\":\"https:\/\/inside-vision.inside-maquette.be\/coffre-fort\/\",\"url\":\"https:\/\/inside-vision.inside-maquette.be\/coffre-fort\/\",\"name\":\"Coffre-fort\"}}]}]}<\/script>\n<!-- \/ Yoast SEO plugin. -->","_links":{"self":[{"href":"https:\/\/inside-vision.inside-maquette.be\/index.php?rest_route=\/wp\/v2\/pages\/4733","targetHints":{"allow":["GET"]}}],"collection":[{"href":"https:\/\/inside-vision.inside-maquette.be\/index.php?rest_route=\/wp\/v2\/pages"}],"about":[{"href":"https:\/\/inside-vision.inside-maquette.be\/index.php?rest_route=\/wp\/v2\/types\/page"}],"author":[{"embeddable":true,"href":"https:\/\/inside-vision.inside-maquette.be\/index.php?rest_route=\/wp\/v2\/users\/1"}],"replies":[{"embeddable":true,"href":"https:\/\/inside-vision.inside-maquette.be\/index.php?rest_route=%2Fwp%2Fv2%2Fcomments&post=4733"}],"version-history":[{"count":7,"href":"https:\/\/inside-vision.inside-maquette.be\/index.php?rest_route=\/wp\/v2\/pages\/4733\/revisions"}],"predecessor-version":[{"id":4887,"href":"https:\/\/inside-vision.inside-maquette.be\/index.php?rest_route=\/wp\/v2\/pages\/4733\/revisions\/4887"}],"wp:attachment":[{"href":"https:\/\/inside-vision.inside-maquette.be\/index.php?rest_route=%2Fwp%2Fv2%2Fmedia&parent=4733"}],"curies":[{"name":"wp","href":"https:\/\/api.w.org\/{rel}","templated":true}]}}