{"id":4748,"date":"2020-09-10T13:25:28","date_gmt":"2020-09-10T11:25:28","guid":{"rendered":"https:\/\/inside-vision.inside-maquette.be\/?page_id=4748"},"modified":"2020-11-13T17:06:06","modified_gmt":"2020-11-13T16:06:06","slug":"barrieres-industrielles","status":"publish","type":"page","link":"https:\/\/inside-vision.inside-maquette.be\/?page_id=4748","title":{"rendered":"Barri\u00e8res industrielles"},"content":{"rendered":"\t\t<div data-elementor-type=\"wp-page\" data-elementor-id=\"4748\" class=\"elementor elementor-4748\" data-elementor-settings=\"[]\">\n\t\t\t\t\t\t<div class=\"elementor-inner\">\n\t\t\t\t\t\t\t<div class=\"elementor-section-wrap\">\n\t\t\t\t\t\t\t<section class=\"elementor-section elementor-top-section elementor-element elementor-element-5112fa10 elementor-section-content-middle elementor-section-boxed elementor-section-height-default elementor-section-height-default\" data-id=\"5112fa10\" data-element_type=\"section\">\n\t\t\t\t\t\t<div class=\"elementor-container elementor-column-gap-extended\">\n\t\t\t\t\t\t\t<div class=\"elementor-row\">\n\t\t\t\t\t<div class=\"elementor-column elementor-col-50 elementor-top-column elementor-element elementor-element-126ca781 ot-flex-column-vertical\" data-id=\"126ca781\" data-element_type=\"column\">\n\t\t\t<div class=\"elementor-column-wrap elementor-element-populated\">\n\t\t\t\t\t\t\t<div class=\"elementor-widget-wrap\">\n\t\t\t\t\t\t<div class=\"elementor-element elementor-element-73b7dc8 elementor-widget elementor-widget-image\" data-id=\"73b7dc8\" data-element_type=\"widget\" data-widget_type=\"image.default\">\n\t\t\t\t<div class=\"elementor-widget-container\">\n\t\t\t\t\t<div class=\"elementor-image\">\n\t\t\t\t\t\t\t\t\t\t<img loading=\"lazy\" decoding=\"async\" width=\"623\" height=\"570\" src=\"https:\/\/inside-vision.inside-maquette.be\/wp-content\/uploads\/2020\/11\/illustration_barriere.png\" class=\"attachment-full size-full\" alt=\"\" srcset=\"https:\/\/inside-vision.inside-maquette.be\/wp-content\/uploads\/2020\/11\/illustration_barriere.png 623w, https:\/\/inside-vision.inside-maquette.be\/wp-content\/uploads\/2020\/11\/illustration_barriere-300x274.png 300w\" sizes=\"auto, (max-width: 623px) 100vw, 623px\" \/>\t\t\t\t\t\t\t\t\t\t\t<\/div>\n\t\t\t\t<\/div>\n\t\t\t\t<\/div>\n\t\t\t\t\t\t<\/div>\n\t\t\t\t\t<\/div>\n\t\t<\/div>\n\t\t\t\t<div class=\"elementor-column elementor-col-50 elementor-top-column elementor-element elementor-element-76de00b ot-flex-column-vertical\" data-id=\"76de00b\" data-element_type=\"column\">\n\t\t\t<div class=\"elementor-column-wrap elementor-element-populated\">\n\t\t\t\t\t\t\t<div class=\"elementor-widget-wrap\">\n\t\t\t\t\t\t<div class=\"elementor-element elementor-element-45c943fd elementor-widget elementor-widget-iheading\" data-id=\"45c943fd\" data-element_type=\"widget\" data-widget_type=\"iheading.default\">\n\t\t\t\t<div class=\"elementor-widget-container\">\n\t\t\t\t\t<div class=\"ot-heading is-dots\">\r\n\t        \t            <span>[ Barri\u00e8res industrielles ]<\/span>\r\n\t        \t        <h2 class=\"main-heading\">La barri\u00e8re de s\u00e9curit\u00e9 pour votre parking ou votre propri\u00e9t\u00e9 <\/h2>\r\n\t        \t    <\/div>\r\n\t    \t\t<\/div>\n\t\t\t\t<\/div>\n\t\t\t\t<div class=\"elementor-element elementor-element-570412bc elementor-widget elementor-widget-text-editor\" data-id=\"570412bc\" data-element_type=\"widget\" data-widget_type=\"text-editor.default\">\n\t\t\t\t<div class=\"elementor-widget-container\">\n\t\t\t\t\t<div class=\"elementor-text-editor elementor-clearfix\"><p><strong>Prot\u00e9gez votre entreprise \u00e0 l\u2019aide d\u2019une cl\u00f4ture, d\u2019un portail ou d\u2019une barri\u00e8re \u00e0 usage industriel\u00a0!<\/strong><\/p><p>Vous aimeriez optimiser la protection de vos infrastructures professionnelles\u00a0? S\u00e9curisez efficacement vos bureaux, votre usine, votre parking gr\u00e2ce \u00e0 un syst\u00e8me performant de barri\u00e8res industrielles sur mesure\u00a0: m\u00e9tallique, pivotant, coulissant, automatis\u00e9, etc. Chaque situation a sa solution de s\u00e9curit\u00e9.<\/p><p><a href=\"https:\/\/www.adsmetal.be\/portails-motorisation\/\" target=\"_blank\" rel=\"noopener\">Nous r\u00e9alisons \u00e9galement des barri\u00e8res pour vos projets r\u00e9sidentiels.<\/a><\/p><\/div>\n\t\t\t\t<\/div>\n\t\t\t\t<\/div>\n\t\t\t\t<div class=\"elementor-element elementor-element-36ea100 elementor-widget elementor-widget-ibutton\" data-id=\"36ea100\" data-element_type=\"widget\" data-widget_type=\"ibutton.default\">\n\t\t\t\t<div class=\"elementor-widget-container\">\n\t\t\t\t\t<div class=\"ot-button\">\r\n\t\t\t<a href=\"\/controle-dacces\" class=\"octf-btn octf-btn-dark\">Contr\u00f4le d'acc\u00e8s<\/a>\r\n\t    <\/div>\r\n\t    \t\t<\/div>\n\t\t\t\t<\/div>\n\t\t\t\t\t\t<\/div>\n\t\t\t\t\t<\/div>\n\t\t<\/div>\n\t\t\t\t\t\t\t\t<\/div>\n\t\t\t\t\t<\/div>\n\t\t<\/section>\n\t\t\t\t\t\t<\/div>\n\t\t\t\t\t\t<\/div>\n\t\t\t\t\t<\/div>\n\t\t","protected":false},"excerpt":{"rendered":"<p>[ Barri\u00e8res industrielles ] La barri\u00e8re de s\u00e9curit\u00e9 pour votre parking ou votre propri\u00e9t\u00e9 Prot\u00e9gez votre entreprise \u00e0 l\u2019aide d\u2019une cl\u00f4ture, d\u2019un portail ou d\u2019une barri\u00e8re \u00e0 usage industriel\u00a0! Vous aimeriez optimiser la protection de vos infrastructures professionnelles\u00a0? S\u00e9curisez efficacement vos bureaux, votre usine, votre parking gr\u00e2ce \u00e0 un syst\u00e8me performant de barri\u00e8res industrielles sur [&hellip;]<\/p>\n","protected":false},"author":1,"featured_media":0,"parent":0,"menu_order":0,"comment_status":"closed","ping_status":"closed","template":"","meta":{"footnotes":""},"class_list":["post-4748","page","type-page","status-publish","hentry"],"yoast_head":"<!-- This site is optimized with the Yoast SEO plugin v15.8 - https:\/\/yoast.com\/wordpress\/plugins\/seo\/ -->\n<title>Barri\u00e8res industrielles | ADS S\u00e9curit\u00e9<\/title>\n<meta name=\"robots\" content=\"noindex, follow, max-snippet:-1, max-image-preview:large, max-video-preview:-1\" \/>\n<meta property=\"og:locale\" content=\"fr_FR\" \/>\n<meta property=\"og:type\" content=\"article\" \/>\n<meta property=\"og:title\" content=\"Barri\u00e8res industrielles | ADS S\u00e9curit\u00e9\" \/>\n<meta property=\"og:description\" content=\"[ Barri\u00e8res industrielles ] La barri\u00e8re de s\u00e9curit\u00e9 pour votre parking ou votre propri\u00e9t\u00e9 Prot\u00e9gez votre entreprise \u00e0 l\u2019aide d\u2019une cl\u00f4ture, d\u2019un portail ou d\u2019une barri\u00e8re \u00e0 usage industriel\u00a0! Vous aimeriez optimiser la protection de vos infrastructures professionnelles\u00a0? S\u00e9curisez efficacement vos bureaux, votre usine, votre parking gr\u00e2ce \u00e0 un syst\u00e8me performant de barri\u00e8res industrielles sur [&hellip;]\" \/>\n<meta property=\"og:url\" content=\"https:\/\/inside-vision.inside-maquette.be\/barrieres-industrielles\/\" \/>\n<meta property=\"og:site_name\" content=\"ADS S\u00e9curit\u00e9\" \/>\n<meta property=\"article:modified_time\" content=\"2020-11-13T16:06:06+00:00\" \/>\n<meta property=\"og:image\" content=\"https:\/\/inside-vision.inside-maquette.be\/wp-content\/uploads\/2020\/11\/illustration_barriere.png\" \/>\n<meta name=\"twitter:card\" content=\"summary_large_image\" \/>\n<script type=\"application\/ld+json\" class=\"yoast-schema-graph\">{\"@context\":\"https:\/\/schema.org\",\"@graph\":[{\"@type\":\"Organization\",\"@id\":\"https:\/\/inside-vision.inside-maquette.be\/#organization\",\"name\":\"ADS S\\u00e9curit\\u00e9\",\"url\":\"https:\/\/inside-vision.inside-maquette.be\/\",\"sameAs\":[],\"logo\":{\"@type\":\"ImageObject\",\"@id\":\"https:\/\/inside-vision.inside-maquette.be\/#logo\",\"inLanguage\":\"fr-FR\",\"url\":\"https:\/\/inside-vision.inside-maquette.be\/wp-content\/uploads\/2020\/06\/ADSsecurite-logo_temp-BLACK.png\",\"width\":1698,\"height\":1057,\"caption\":\"ADS S\\u00e9curit\\u00e9\"},\"image\":{\"@id\":\"https:\/\/inside-vision.inside-maquette.be\/#logo\"}},{\"@type\":\"WebSite\",\"@id\":\"https:\/\/inside-vision.inside-maquette.be\/#website\",\"url\":\"https:\/\/inside-vision.inside-maquette.be\/\",\"name\":\"ADS S\\u00e9curit\\u00e9\",\"description\":\"Protection \\u00e9lectronique et m\\u00e9canique\",\"publisher\":{\"@id\":\"https:\/\/inside-vision.inside-maquette.be\/#organization\"},\"potentialAction\":[{\"@type\":\"SearchAction\",\"target\":\"https:\/\/inside-vision.inside-maquette.be\/?s={search_term_string}\",\"query-input\":\"required name=search_term_string\"}],\"inLanguage\":\"fr-FR\"},{\"@type\":\"ImageObject\",\"@id\":\"https:\/\/inside-vision.inside-maquette.be\/barrieres-industrielles\/#primaryimage\",\"inLanguage\":\"fr-FR\",\"url\":\"https:\/\/inside-vision.inside-maquette.be\/wp-content\/uploads\/2020\/11\/illustration_barriere.png\",\"width\":623,\"height\":570},{\"@type\":\"WebPage\",\"@id\":\"https:\/\/inside-vision.inside-maquette.be\/barrieres-industrielles\/#webpage\",\"url\":\"https:\/\/inside-vision.inside-maquette.be\/barrieres-industrielles\/\",\"name\":\"Barri\\u00e8res industrielles | ADS S\\u00e9curit\\u00e9\",\"isPartOf\":{\"@id\":\"https:\/\/inside-vision.inside-maquette.be\/#website\"},\"primaryImageOfPage\":{\"@id\":\"https:\/\/inside-vision.inside-maquette.be\/barrieres-industrielles\/#primaryimage\"},\"datePublished\":\"2020-09-10T11:25:28+00:00\",\"dateModified\":\"2020-11-13T16:06:06+00:00\",\"breadcrumb\":{\"@id\":\"https:\/\/inside-vision.inside-maquette.be\/barrieres-industrielles\/#breadcrumb\"},\"inLanguage\":\"fr-FR\",\"potentialAction\":[{\"@type\":\"ReadAction\",\"target\":[\"https:\/\/inside-vision.inside-maquette.be\/barrieres-industrielles\/\"]}]},{\"@type\":\"BreadcrumbList\",\"@id\":\"https:\/\/inside-vision.inside-maquette.be\/barrieres-industrielles\/#breadcrumb\",\"itemListElement\":[{\"@type\":\"ListItem\",\"position\":1,\"item\":{\"@type\":\"WebPage\",\"@id\":\"https:\/\/inside-vision.inside-maquette.be\/\",\"url\":\"https:\/\/inside-vision.inside-maquette.be\/\",\"name\":\"Accueil\"}},{\"@type\":\"ListItem\",\"position\":2,\"item\":{\"@type\":\"WebPage\",\"@id\":\"https:\/\/inside-vision.inside-maquette.be\/barrieres-industrielles\/\",\"url\":\"https:\/\/inside-vision.inside-maquette.be\/barrieres-industrielles\/\",\"name\":\"Barri\\u00e8res industrielles\"}}]}]}<\/script>\n<!-- \/ Yoast SEO plugin. -->","_links":{"self":[{"href":"https:\/\/inside-vision.inside-maquette.be\/index.php?rest_route=\/wp\/v2\/pages\/4748","targetHints":{"allow":["GET"]}}],"collection":[{"href":"https:\/\/inside-vision.inside-maquette.be\/index.php?rest_route=\/wp\/v2\/pages"}],"about":[{"href":"https:\/\/inside-vision.inside-maquette.be\/index.php?rest_route=\/wp\/v2\/types\/page"}],"author":[{"embeddable":true,"href":"https:\/\/inside-vision.inside-maquette.be\/index.php?rest_route=\/wp\/v2\/users\/1"}],"replies":[{"embeddable":true,"href":"https:\/\/inside-vision.inside-maquette.be\/index.php?rest_route=%2Fwp%2Fv2%2Fcomments&post=4748"}],"version-history":[{"count":10,"href":"https:\/\/inside-vision.inside-maquette.be\/index.php?rest_route=\/wp\/v2\/pages\/4748\/revisions"}],"predecessor-version":[{"id":4895,"href":"https:\/\/inside-vision.inside-maquette.be\/index.php?rest_route=\/wp\/v2\/pages\/4748\/revisions\/4895"}],"wp:attachment":[{"href":"https:\/\/inside-vision.inside-maquette.be\/index.php?rest_route=%2Fwp%2Fv2%2Fmedia&parent=4748"}],"curies":[{"name":"wp","href":"https:\/\/api.w.org\/{rel}","templated":true}]}}