{"id":4758,"date":"2020-09-10T13:53:44","date_gmt":"2020-09-10T11:53:44","guid":{"rendered":"https:\/\/inside-vision.inside-maquette.be\/?page_id=4758"},"modified":"2020-11-13T17:20:00","modified_gmt":"2020-11-13T16:20:00","slug":"portes-de-garage","status":"publish","type":"page","link":"https:\/\/inside-vision.inside-maquette.be\/?page_id=4758","title":{"rendered":"Portes de garage"},"content":{"rendered":"\t\t<div data-elementor-type=\"wp-page\" data-elementor-id=\"4758\" class=\"elementor elementor-4758\" data-elementor-settings=\"[]\">\n\t\t\t\t\t\t<div class=\"elementor-inner\">\n\t\t\t\t\t\t\t<div class=\"elementor-section-wrap\">\n\t\t\t\t\t\t\t<section class=\"elementor-section elementor-top-section elementor-element elementor-element-7d41839c elementor-section-content-middle elementor-section-boxed elementor-section-height-default elementor-section-height-default\" data-id=\"7d41839c\" data-element_type=\"section\">\n\t\t\t\t\t\t<div class=\"elementor-container elementor-column-gap-extended\">\n\t\t\t\t\t\t\t<div class=\"elementor-row\">\n\t\t\t\t\t<div class=\"elementor-column elementor-col-50 elementor-top-column elementor-element elementor-element-4d7499ef ot-flex-column-vertical\" data-id=\"4d7499ef\" data-element_type=\"column\">\n\t\t\t<div class=\"elementor-column-wrap elementor-element-populated\">\n\t\t\t\t\t\t\t<div class=\"elementor-widget-wrap\">\n\t\t\t\t\t\t<div class=\"elementor-element elementor-element-582828d8 elementor-widget elementor-widget-image\" data-id=\"582828d8\" data-element_type=\"widget\" data-widget_type=\"image.default\">\n\t\t\t\t<div class=\"elementor-widget-container\">\n\t\t\t\t\t<div class=\"elementor-image\">\n\t\t\t\t\t\t\t\t\t\t<img loading=\"lazy\" decoding=\"async\" width=\"623\" height=\"570\" src=\"https:\/\/inside-vision.inside-maquette.be\/wp-content\/uploads\/2020\/11\/illustration_porte_garage.png\" class=\"attachment-full size-full\" alt=\"\" srcset=\"https:\/\/inside-vision.inside-maquette.be\/wp-content\/uploads\/2020\/11\/illustration_porte_garage.png 623w, https:\/\/inside-vision.inside-maquette.be\/wp-content\/uploads\/2020\/11\/illustration_porte_garage-300x274.png 300w\" sizes=\"auto, (max-width: 623px) 100vw, 623px\" \/>\t\t\t\t\t\t\t\t\t\t\t<\/div>\n\t\t\t\t<\/div>\n\t\t\t\t<\/div>\n\t\t\t\t\t\t<\/div>\n\t\t\t\t\t<\/div>\n\t\t<\/div>\n\t\t\t\t<div class=\"elementor-column elementor-col-50 elementor-top-column elementor-element elementor-element-5f88b13d ot-flex-column-vertical\" data-id=\"5f88b13d\" data-element_type=\"column\">\n\t\t\t<div class=\"elementor-column-wrap elementor-element-populated\">\n\t\t\t\t\t\t\t<div class=\"elementor-widget-wrap\">\n\t\t\t\t\t\t<div class=\"elementor-element elementor-element-650730d8 elementor-widget elementor-widget-iheading\" data-id=\"650730d8\" data-element_type=\"widget\" data-widget_type=\"iheading.default\">\n\t\t\t\t<div class=\"elementor-widget-container\">\n\t\t\t\t\t<div class=\"ot-heading is-dots\">\r\n\t        \t            <span>[ Portes de garage ]<\/span>\r\n\t        \t        <h2 class=\"main-heading\">Une porte de garage s\u00fbre et silencieuse<\/h2>\r\n\t        \t    <\/div>\r\n\t    \t\t<\/div>\n\t\t\t\t<\/div>\n\t\t\t\t<div class=\"elementor-element elementor-element-588d31aa elementor-widget elementor-widget-text-editor\" data-id=\"588d31aa\" data-element_type=\"widget\" data-widget_type=\"text-editor.default\">\n\t\t\t\t<div class=\"elementor-widget-container\">\n\t\t\t\t\t<div class=\"elementor-text-editor elementor-clearfix\"><p><strong>Si vous recherchez une porte de garage alliant qualit\u00e9, design et s\u00fbret\u00e9, c\u2019est par ici.<\/strong><\/p><p>Nous avons s\u00e9lectionn\u00e9 avec soin des portes de garage au design unique pour vos b\u00e2timents priv\u00e9s ou professionnels. S\u00fbres et silencieuses, elles sont munies d\u2019un syst\u00e8me de rails renforc\u00e9s <em>made in Belgium<\/em> et peuvent se personnaliser : manuelles ou motoris\u00e9es, avec porte, fen\u00eatre, grille, etc. C\u2019est vous qui choisissez.<\/p><\/div>\n\t\t\t\t<\/div>\n\t\t\t\t<\/div>\n\t\t\t\t<div class=\"elementor-element elementor-element-708728c3 elementor-widget elementor-widget-ibutton\" data-id=\"708728c3\" data-element_type=\"widget\" data-widget_type=\"ibutton.default\">\n\t\t\t\t<div class=\"elementor-widget-container\">\n\t\t\t\t\t<div class=\"ot-button\">\r\n\t\t\t<a href=\"\/alarmes\" class=\"octf-btn octf-btn-dark\">alarmes<\/a>\r\n\t    <\/div>\r\n\t    \t\t<\/div>\n\t\t\t\t<\/div>\n\t\t\t\t\t\t<\/div>\n\t\t\t\t\t<\/div>\n\t\t<\/div>\n\t\t\t\t\t\t\t\t<\/div>\n\t\t\t\t\t<\/div>\n\t\t<\/section>\n\t\t\t\t\t\t<\/div>\n\t\t\t\t\t\t<\/div>\n\t\t\t\t\t<\/div>\n\t\t","protected":false},"excerpt":{"rendered":"<p>[ Portes de garage ] Une porte de garage s\u00fbre et silencieuse Si vous recherchez une porte de garage alliant qualit\u00e9, design et s\u00fbret\u00e9, c\u2019est par ici. Nous avons s\u00e9lectionn\u00e9 avec soin des portes de garage au design unique pour vos b\u00e2timents priv\u00e9s ou professionnels. S\u00fbres et silencieuses, elles sont munies d\u2019un syst\u00e8me de rails [&hellip;]<\/p>\n","protected":false},"author":1,"featured_media":0,"parent":0,"menu_order":0,"comment_status":"closed","ping_status":"closed","template":"","meta":{"footnotes":""},"class_list":["post-4758","page","type-page","status-publish","hentry"],"yoast_head":"<!-- This site is optimized with the Yoast SEO plugin v15.8 - https:\/\/yoast.com\/wordpress\/plugins\/seo\/ -->\n<title>Portes de garage | ADS S\u00e9curit\u00e9<\/title>\n<meta name=\"robots\" content=\"noindex, follow, max-snippet:-1, max-image-preview:large, max-video-preview:-1\" \/>\n<meta property=\"og:locale\" content=\"fr_FR\" \/>\n<meta property=\"og:type\" content=\"article\" \/>\n<meta property=\"og:title\" content=\"Portes de garage | ADS S\u00e9curit\u00e9\" \/>\n<meta property=\"og:description\" content=\"[ Portes de garage ] Une porte de garage s\u00fbre et silencieuse Si vous recherchez une porte de garage alliant qualit\u00e9, design et s\u00fbret\u00e9, c\u2019est par ici. Nous avons s\u00e9lectionn\u00e9 avec soin des portes de garage au design unique pour vos b\u00e2timents priv\u00e9s ou professionnels. S\u00fbres et silencieuses, elles sont munies d\u2019un syst\u00e8me de rails [&hellip;]\" \/>\n<meta property=\"og:url\" content=\"https:\/\/inside-vision.inside-maquette.be\/portes-de-garage\/\" \/>\n<meta property=\"og:site_name\" content=\"ADS S\u00e9curit\u00e9\" \/>\n<meta property=\"article:modified_time\" content=\"2020-11-13T16:20:00+00:00\" \/>\n<meta property=\"og:image\" content=\"https:\/\/inside-vision.inside-maquette.be\/wp-content\/uploads\/2020\/11\/illustration_porte_garage.png\" \/>\n<meta name=\"twitter:card\" content=\"summary_large_image\" \/>\n<script type=\"application\/ld+json\" class=\"yoast-schema-graph\">{\"@context\":\"https:\/\/schema.org\",\"@graph\":[{\"@type\":\"Organization\",\"@id\":\"https:\/\/inside-vision.inside-maquette.be\/#organization\",\"name\":\"ADS S\\u00e9curit\\u00e9\",\"url\":\"https:\/\/inside-vision.inside-maquette.be\/\",\"sameAs\":[],\"logo\":{\"@type\":\"ImageObject\",\"@id\":\"https:\/\/inside-vision.inside-maquette.be\/#logo\",\"inLanguage\":\"fr-FR\",\"url\":\"https:\/\/inside-vision.inside-maquette.be\/wp-content\/uploads\/2020\/06\/ADSsecurite-logo_temp-BLACK.png\",\"width\":1698,\"height\":1057,\"caption\":\"ADS S\\u00e9curit\\u00e9\"},\"image\":{\"@id\":\"https:\/\/inside-vision.inside-maquette.be\/#logo\"}},{\"@type\":\"WebSite\",\"@id\":\"https:\/\/inside-vision.inside-maquette.be\/#website\",\"url\":\"https:\/\/inside-vision.inside-maquette.be\/\",\"name\":\"ADS S\\u00e9curit\\u00e9\",\"description\":\"Protection \\u00e9lectronique et m\\u00e9canique\",\"publisher\":{\"@id\":\"https:\/\/inside-vision.inside-maquette.be\/#organization\"},\"potentialAction\":[{\"@type\":\"SearchAction\",\"target\":\"https:\/\/inside-vision.inside-maquette.be\/?s={search_term_string}\",\"query-input\":\"required name=search_term_string\"}],\"inLanguage\":\"fr-FR\"},{\"@type\":\"ImageObject\",\"@id\":\"https:\/\/inside-vision.inside-maquette.be\/portes-de-garage\/#primaryimage\",\"inLanguage\":\"fr-FR\",\"url\":\"https:\/\/inside-vision.inside-maquette.be\/wp-content\/uploads\/2020\/11\/illustration_porte_garage.png\",\"width\":623,\"height\":570},{\"@type\":\"WebPage\",\"@id\":\"https:\/\/inside-vision.inside-maquette.be\/portes-de-garage\/#webpage\",\"url\":\"https:\/\/inside-vision.inside-maquette.be\/portes-de-garage\/\",\"name\":\"Portes de garage | ADS S\\u00e9curit\\u00e9\",\"isPartOf\":{\"@id\":\"https:\/\/inside-vision.inside-maquette.be\/#website\"},\"primaryImageOfPage\":{\"@id\":\"https:\/\/inside-vision.inside-maquette.be\/portes-de-garage\/#primaryimage\"},\"datePublished\":\"2020-09-10T11:53:44+00:00\",\"dateModified\":\"2020-11-13T16:20:00+00:00\",\"breadcrumb\":{\"@id\":\"https:\/\/inside-vision.inside-maquette.be\/portes-de-garage\/#breadcrumb\"},\"inLanguage\":\"fr-FR\",\"potentialAction\":[{\"@type\":\"ReadAction\",\"target\":[\"https:\/\/inside-vision.inside-maquette.be\/portes-de-garage\/\"]}]},{\"@type\":\"BreadcrumbList\",\"@id\":\"https:\/\/inside-vision.inside-maquette.be\/portes-de-garage\/#breadcrumb\",\"itemListElement\":[{\"@type\":\"ListItem\",\"position\":1,\"item\":{\"@type\":\"WebPage\",\"@id\":\"https:\/\/inside-vision.inside-maquette.be\/\",\"url\":\"https:\/\/inside-vision.inside-maquette.be\/\",\"name\":\"Accueil\"}},{\"@type\":\"ListItem\",\"position\":2,\"item\":{\"@type\":\"WebPage\",\"@id\":\"https:\/\/inside-vision.inside-maquette.be\/portes-de-garage\/\",\"url\":\"https:\/\/inside-vision.inside-maquette.be\/portes-de-garage\/\",\"name\":\"Portes de garage\"}}]}]}<\/script>\n<!-- \/ Yoast SEO plugin. -->","_links":{"self":[{"href":"https:\/\/inside-vision.inside-maquette.be\/index.php?rest_route=\/wp\/v2\/pages\/4758","targetHints":{"allow":["GET"]}}],"collection":[{"href":"https:\/\/inside-vision.inside-maquette.be\/index.php?rest_route=\/wp\/v2\/pages"}],"about":[{"href":"https:\/\/inside-vision.inside-maquette.be\/index.php?rest_route=\/wp\/v2\/types\/page"}],"author":[{"embeddable":true,"href":"https:\/\/inside-vision.inside-maquette.be\/index.php?rest_route=\/wp\/v2\/users\/1"}],"replies":[{"embeddable":true,"href":"https:\/\/inside-vision.inside-maquette.be\/index.php?rest_route=%2Fwp%2Fv2%2Fcomments&post=4758"}],"version-history":[{"count":7,"href":"https:\/\/inside-vision.inside-maquette.be\/index.php?rest_route=\/wp\/v2\/pages\/4758\/revisions"}],"predecessor-version":[{"id":4898,"href":"https:\/\/inside-vision.inside-maquette.be\/index.php?rest_route=\/wp\/v2\/pages\/4758\/revisions\/4898"}],"wp:attachment":[{"href":"https:\/\/inside-vision.inside-maquette.be\/index.php?rest_route=%2Fwp%2Fv2%2Fmedia&parent=4758"}],"curies":[{"name":"wp","href":"https:\/\/api.w.org\/{rel}","templated":true}]}}